{"id":22,"date":"2023-08-24T10:43:07","date_gmt":"2023-08-24T08:43:07","guid":{"rendered":"https:\/\/ozspviw.cluster021.hosting.ovh.net\/?page_id=22"},"modified":"2023-08-31T15:56:13","modified_gmt":"2023-08-31T13:56:13","slug":"mission","status":"publish","type":"page","link":"https:\/\/www.babyloneimmobilier.fr\/index.php\/mission\/","title":{"rendered":"Mission"},"content":{"rendered":"\t\t<div data-elementor-type=\"wp-page\" data-elementor-id=\"22\" class=\"elementor elementor-22\">\n\t\t\t\t\t\t<section class=\"elementor-section elementor-top-section elementor-element elementor-element-3c4ea14 elementor-section-boxed elementor-section-height-default elementor-section-height-default\" data-id=\"3c4ea14\" data-element_type=\"section\" data-e-type=\"section\" data-settings=\"{&quot;background_background&quot;:&quot;classic&quot;}\">\n\t\t\t\t\t\t<div class=\"elementor-container elementor-column-gap-default\">\n\t\t\t\t\t<div class=\"elementor-column elementor-col-100 elementor-top-column elementor-element elementor-element-c6f6e18\" data-id=\"c6f6e18\" data-element_type=\"column\" data-e-type=\"column\">\n\t\t\t<div class=\"elementor-widget-wrap elementor-element-populated\">\n\t\t\t\t\t\t<div class=\"elementor-element elementor-element-3c21ad3 elementor-widget elementor-widget-spacer\" data-id=\"3c21ad3\" data-element_type=\"widget\" data-e-type=\"widget\" data-widget_type=\"spacer.default\">\n\t\t\t\t<div class=\"elementor-widget-container\">\n\t\t\t\t\t\t\t<div class=\"elementor-spacer\">\n\t\t\t<div class=\"elementor-spacer-inner\"><\/div>\n\t\t<\/div>\n\t\t\t\t\t\t<\/div>\n\t\t\t\t<\/div>\n\t\t\t\t<div class=\"elementor-element elementor-element-73da117 elementor-widget elementor-widget-heading\" data-id=\"73da117\" data-element_type=\"widget\" data-e-type=\"widget\" data-widget_type=\"heading.default\">\n\t\t\t\t<div class=\"elementor-widget-container\">\n\t\t\t\t\t<h2 class=\"elementor-heading-title elementor-size-default\">Notre Mission : Faire Na\u00eetre des Histoires et des Possibilit\u00e9s \u2728<\/h2>\t\t\t\t<\/div>\n\t\t\t\t<\/div>\n\t\t\t\t\t<\/div>\n\t\t<\/div>\n\t\t\t\t\t<\/div>\n\t\t<\/section>\n\t\t\t\t<section class=\"elementor-section elementor-top-section elementor-element elementor-element-d83be7d elementor-section-boxed elementor-section-height-default elementor-section-height-default\" data-id=\"d83be7d\" data-element_type=\"section\" data-e-type=\"section\" data-settings=\"{&quot;background_background&quot;:&quot;classic&quot;}\">\n\t\t\t\t\t\t<div class=\"elementor-container elementor-column-gap-default\">\n\t\t\t\t\t<div class=\"elementor-column elementor-col-50 elementor-top-column elementor-element elementor-element-3885996\" data-id=\"3885996\" data-element_type=\"column\" data-e-type=\"column\" data-settings=\"{&quot;background_background&quot;:&quot;classic&quot;}\">\n\t\t\t<div class=\"elementor-widget-wrap elementor-element-populated\">\n\t\t\t\t\t\t<div class=\"elementor-element elementor-element-302993e elementor-widget elementor-widget-heading\" data-id=\"302993e\" data-element_type=\"widget\" data-e-type=\"widget\" data-widget_type=\"heading.default\">\n\t\t\t\t<div class=\"elementor-widget-container\">\n\t\t\t\t\t<h2 class=\"elementor-heading-title elementor-size-default\">Faire naitre \ud83c\udf7c<\/h2>\t\t\t\t<\/div>\n\t\t\t\t<\/div>\n\t\t\t\t<div class=\"elementor-element elementor-element-58eaf90 elementor-widget elementor-widget-text-editor\" data-id=\"58eaf90\" data-element_type=\"widget\" data-e-type=\"widget\" data-widget_type=\"text-editor.default\">\n\t\t\t\t<div class=\"elementor-widget-container\">\n\t\t\t\t\t\t\t\t\t<p class=\"p1\"><strong>Faire Na\u00eetre :<\/strong> Notre mission se r\u00e9sume en deux mots puissants. Nous croyons profond\u00e9ment au pouvoir de la cr\u00e9ation, \u00e0 l&rsquo;acte de donner vie \u00e0 des espaces autrefois vides et \u00e0 des id\u00e9es autrefois abstraites. Dans chaque coin de rue qui attend d&rsquo;\u00eatre anim\u00e9, dans chaque recoin commercial qui aspire \u00e0 une nouvelle vocation, nous voyons une toile vierge. C&rsquo;est sur cette toile que nous peignons des histoires d&rsquo;entrepreneurs courageux prenant leur envol, d&rsquo;espaces uniques prenant forme et de possibilit\u00e9s autrefois inexplor\u00e9es prenant vie. Chaque pinceau de notre passion, chaque trait de notre expertise contribue \u00e0 transformer ces toiles en \u0153uvres palpables, palpitations de la ville que nous aimons et servons avec d\u00e9vouement.<\/p>\t\t\t\t\t\t\t\t<\/div>\n\t\t\t\t<\/div>\n\t\t\t\t\t<\/div>\n\t\t<\/div>\n\t\t\t\t<div class=\"elementor-column elementor-col-50 elementor-top-column elementor-element elementor-element-8fa2c22\" data-id=\"8fa2c22\" data-element_type=\"column\" data-e-type=\"column\">\n\t\t\t<div class=\"elementor-widget-wrap elementor-element-populated\">\n\t\t\t\t\t\t<div class=\"elementor-element elementor-element-96db29c elementor-widget elementor-widget-image\" data-id=\"96db29c\" data-element_type=\"widget\" data-e-type=\"widget\" data-widget_type=\"image.default\">\n\t\t\t\t<div class=\"elementor-widget-container\">\n\t\t\t\t\t\t\t\t\t\t\t\t\t\t\t<img fetchpriority=\"high\" decoding=\"async\" width=\"400\" height=\"400\" src=\"https:\/\/www.babyloneimmobilier.fr\/wp-content\/uploads\/2023\/08\/emoji-400-par-400-2.gif\" class=\"attachment-full size-full wp-image-333\" alt=\"Babylone immobilier emoji anim\u00e9\" \/>\t\t\t\t\t\t\t\t\t\t\t\t\t\t\t<\/div>\n\t\t\t\t<\/div>\n\t\t\t\t\t<\/div>\n\t\t<\/div>\n\t\t\t\t\t<\/div>\n\t\t<\/section>\n\t\t\t\t<section class=\"elementor-section elementor-top-section elementor-element elementor-element-a448803 elementor-section-boxed elementor-section-height-default elementor-section-height-default\" data-id=\"a448803\" data-element_type=\"section\" data-e-type=\"section\" data-settings=\"{&quot;background_background&quot;:&quot;classic&quot;}\">\n\t\t\t\t\t\t<div class=\"elementor-container elementor-column-gap-default\">\n\t\t\t\t\t<div class=\"elementor-column elementor-col-50 elementor-top-column elementor-element elementor-element-c8b73c3\" data-id=\"c8b73c3\" data-element_type=\"column\" data-e-type=\"column\">\n\t\t\t<div class=\"elementor-widget-wrap\">\n\t\t\t\t\t\t\t<\/div>\n\t\t<\/div>\n\t\t\t\t<div class=\"elementor-column elementor-col-50 elementor-top-column elementor-element elementor-element-1f2ed91\" data-id=\"1f2ed91\" data-element_type=\"column\" data-e-type=\"column\">\n\t\t\t<div class=\"elementor-widget-wrap elementor-element-populated\">\n\t\t\t\t\t\t<div class=\"elementor-element elementor-element-a32891b elementor-widget elementor-widget-heading\" data-id=\"a32891b\" data-element_type=\"widget\" data-e-type=\"widget\" data-widget_type=\"heading.default\">\n\t\t\t\t<div class=\"elementor-widget-container\">\n\t\t\t\t\t<h2 class=\"elementor-heading-title elementor-size-default\">Raconter des Histoires \u270d\ufe0f<\/h2>\t\t\t\t<\/div>\n\t\t\t\t<\/div>\n\t\t\t\t<div class=\"elementor-element elementor-element-0ceb511 elementor-widget elementor-widget-text-editor\" data-id=\"0ceb511\" data-element_type=\"widget\" data-e-type=\"widget\" data-widget_type=\"text-editor.default\">\n\t\t\t\t<div class=\"elementor-widget-container\">\n\t\t\t\t\t\t\t\t\t<div class=\"group w-full text-token-text-primary border-b border-black\/10 dark:border-gray-900\/50 bg-gray-50 dark:bg-[#444654]\" data-testid=\"conversation-turn-3\"><div class=\"p-4 justify-center text-base md:gap-6 md:py-6 lg:px-0 m-auto\"><div class=\"flex flex-1 gap-4 text-base mx-auto md:gap-6 md:max-w-2xl lg:max-w-[38rem] xl:max-w-3xl }\"><div class=\"relative flex w-[calc(100%-50px)] flex-col gap-1 md:gap-3 lg:w-[calc(100%-115px)]\"><div class=\"flex flex-grow flex-col gap-3 max-w-full\"><div class=\"min-h-[20px] flex flex-col items-start gap-3 overflow-x-auto whitespace-pre-wrap break-words\"><div class=\"markdown prose w-full break-words dark:prose-invert dark\"><p><strong>Raconter des Histoires :<\/strong> Chez Babylone, nous sommes bien plus que des professionnels de l&rsquo;immobilier ; nous sommes des conteurs passionn\u00e9s. Chaque coin de rue, chaque b\u00e2timent charg\u00e9 d&rsquo;histoire, chaque espace commercial en attente rec\u00e8le des r\u00e9cits captivants qui m\u00e9ritent d&rsquo;\u00eatre partag\u00e9s. Ces r\u00e9cits sont les fils invisibles qui unissent les gens, les lieux et les \u00e9poques.<\/p><p>Lorsque nous observons l&rsquo;\u00e9volution d&rsquo;un quartier en mutation, nous ne voyons pas seulement des transformations architecturales, mais une symphonie d&rsquo;\u00e9v\u00e9nements, de cultures et d&rsquo;aspirations qui se conjuguent pour fa\u00e7onner une nouvelle identit\u00e9 urbaine. De m\u00eame, les parcours inspirants des entrepreneurs sont les chapitres vivants de l&rsquo;histoire \u00e9conomique de Lyon.<\/p><p>En tant que conteurs, notre mission est de capturer ces r\u00e9cits en perp\u00e9tuelle \u00e9volution et de les int\u00e9grer dans chaque projet immobilier que nous entreprenons. Chaque espace commercial devient ainsi un chapitre dans le livre anim\u00e9 de notre ville, chaque transaction immobili\u00e8re une opportunit\u00e9 de cr\u00e9er une exp\u00e9rience unique et m\u00e9morable pour nos clients.<\/p><p>\u00c0 travers notre passion pour les histoires, nous transcendons la simple fonction utilitaire de l&rsquo;immobilier pour en faire une \u0153uvre d&rsquo;art collective. Nos exp\u00e9riences immobili\u00e8res exceptionnelles nourrissent le tissu m\u00eame de Lyon, en c\u00e9l\u00e9brant son pass\u00e9 tout en \u00e9crivant son avenir.<\/p><\/div><\/div><\/div><\/div><\/div><\/div><\/div>\t\t\t\t\t\t\t\t<\/div>\n\t\t\t\t<\/div>\n\t\t\t\t\t<\/div>\n\t\t<\/div>\n\t\t\t\t\t<\/div>\n\t\t<\/section>\n\t\t\t\t<section class=\"elementor-section elementor-top-section elementor-element elementor-element-3813166 elementor-section-boxed elementor-section-height-default elementor-section-height-default\" data-id=\"3813166\" data-element_type=\"section\" data-e-type=\"section\" data-settings=\"{&quot;background_background&quot;:&quot;classic&quot;}\">\n\t\t\t\t\t\t<div class=\"elementor-container elementor-column-gap-default\">\n\t\t\t\t\t<div class=\"elementor-column elementor-col-50 elementor-top-column elementor-element elementor-element-cac406a\" data-id=\"cac406a\" data-element_type=\"column\" data-e-type=\"column\">\n\t\t\t<div class=\"elementor-widget-wrap elementor-element-populated\">\n\t\t\t\t\t\t<div class=\"elementor-element elementor-element-1332d0d elementor-widget elementor-widget-heading\" data-id=\"1332d0d\" data-element_type=\"widget\" data-e-type=\"widget\" data-widget_type=\"heading.default\">\n\t\t\t\t<div class=\"elementor-widget-container\">\n\t\t\t\t\t<h2 class=\"elementor-heading-title elementor-size-default\">Nos Valeurs \ud83d\udcaa<\/h2>\t\t\t\t<\/div>\n\t\t\t\t<\/div>\n\t\t\t\t<div class=\"elementor-element elementor-element-2c24754 elementor-widget elementor-widget-text-editor\" data-id=\"2c24754\" data-element_type=\"widget\" data-e-type=\"widget\" data-widget_type=\"text-editor.default\">\n\t\t\t\t<div class=\"elementor-widget-container\">\n\t\t\t\t\t\t\t\t\t<p><strong>Nos Valeurs :<\/strong>\u00a0Chaque nouveau magasin que nous ouvrons ajoute de nouvelles teintes \u00e0 l&rsquo;horizon urbain de Lyon. Chaque commerce inaugur\u00e9 repr\u00e9sente plus qu&rsquo;une simple addition physique, c&rsquo;est une aventure entrepreneuriale qui s&rsquo;int\u00e8gre aux rues et ruelles de cette ville embl\u00e9matique.<\/p><p>Chaque projet que nous menons devient une invitation suppl\u00e9mentaire \u00e0 investir nos quartiers. Chaque nouvelle entreprise lanc\u00e9e contribue \u00e0 la solidit\u00e9 de notre communaut\u00e9, cr\u00e9ant ainsi de nombreuses opportunit\u00e9s pour les habitants de se connecter, collaborer et construire un avenir prometteur ensemble.<\/p><p>En tant que Tribu D\u00e9jant\u00e9e de l&rsquo;Immobilier Commercial \u00e0 Lyon, notre mission est de concevoir des espaces o\u00f9 les opportunit\u00e9s sont infinies, les r\u00e9cits s&rsquo;\u00e9panouissent et chaque initiative immobili\u00e8re enrichit la ville que nous ch\u00e9rissons. Joignez-vous \u00e0 nous dans cette passionnante aventure o\u00f9 l&rsquo;immobilier se m\u00e9tamorphose en une source constante d&rsquo;inspiration et de changement.<\/p>\t\t\t\t\t\t\t\t<\/div>\n\t\t\t\t<\/div>\n\t\t\t\t\t<\/div>\n\t\t<\/div>\n\t\t\t\t<div class=\"elementor-column elementor-col-50 elementor-top-column elementor-element elementor-element-7005958\" data-id=\"7005958\" data-element_type=\"column\" data-e-type=\"column\">\n\t\t\t<div class=\"elementor-widget-wrap\">\n\t\t\t\t\t\t\t<\/div>\n\t\t<\/div>\n\t\t\t\t\t<\/div>\n\t\t<\/section>\n\t\t\t\t<\/div>\n\t\t","protected":false},"excerpt":{"rendered":"<p>Notre Mission : Faire Na\u00eetre des Histoires et des Possibilit\u00e9s \u2728 Faire naitre \ud83c\udf7c Faire Na\u00eetre : Notre mission se r\u00e9sume en deux mots puissants. Nous croyons profond\u00e9ment au pouvoir de la cr\u00e9ation, \u00e0 l&rsquo;acte de donner vie \u00e0 des espaces autrefois vides et \u00e0 des id\u00e9es autrefois abstraites. Dans chaque coin de rue qui &hellip;<\/p>\n<p class=\"read-more\"> <a class=\"\" href=\"https:\/\/www.babyloneimmobilier.fr\/index.php\/mission\/\"> <span class=\"screen-reader-text\">Mission<\/span> Lire la suite\u00a0\u00bb<\/a><\/p>\n","protected":false},"author":1,"featured_media":0,"parent":0,"menu_order":0,"comment_status":"closed","ping_status":"closed","template":"","meta":{"site-sidebar-layout":"no-sidebar","site-content-layout":"page-builder","ast-site-content-layout":"","site-content-style":"default","site-sidebar-style":"default","ast-global-header-display":"","ast-banner-title-visibility":"","ast-main-header-display":"","ast-hfb-above-header-display":"","ast-hfb-below-header-display":"","ast-hfb-mobile-header-display":"","site-post-title":"disabled","ast-breadcrumbs-content":"","ast-featured-img":"disabled","footer-sml-layout":"","theme-transparent-header-meta":"","adv-header-id-meta":"","stick-header-meta":"","header-above-stick-meta":"","header-main-stick-meta":"","header-below-stick-meta":"","astra-migrate-meta-layouts":"","footnotes":""},"class_list":["post-22","page","type-page","status-publish","hentry"],"yoast_head":"<!-- This site is optimized with the Yoast SEO plugin v27.4 - https:\/\/yoast.com\/product\/yoast-seo-wordpress\/ -->\n<title>Mission - Babylone immobilier<\/title>\n<meta name=\"robots\" content=\"index, follow, max-snippet:-1, max-image-preview:large, max-video-preview:-1\" \/>\n<link rel=\"canonical\" href=\"https:\/\/www.babyloneimmobilier.fr\/index.php\/mission\/\" \/>\n<meta property=\"og:locale\" content=\"fr_FR\" \/>\n<meta property=\"og:type\" content=\"article\" \/>\n<meta property=\"og:title\" content=\"Mission - Babylone immobilier\" \/>\n<meta property=\"og:description\" content=\"Notre Mission : Faire Na\u00eetre des Histoires et des Possibilit\u00e9s \u2728 Faire naitre \ud83c\udf7c Faire Na\u00eetre : Notre mission se r\u00e9sume en deux mots puissants. Nous croyons profond\u00e9ment au pouvoir de la cr\u00e9ation, \u00e0 l&rsquo;acte de donner vie \u00e0 des espaces autrefois vides et \u00e0 des id\u00e9es autrefois abstraites. Dans chaque coin de rue qui &hellip; Mission Lire la suite\u00a0\u00bb\" \/>\n<meta property=\"og:url\" content=\"https:\/\/www.babyloneimmobilier.fr\/index.php\/mission\/\" \/>\n<meta property=\"og:site_name\" content=\"Babylone immobilier\" \/>\n<meta property=\"article:modified_time\" content=\"2023-08-31T13:56:13+00:00\" \/>\n<meta property=\"og:image\" content=\"https:\/\/www.babyloneimmobilier.fr\/wp-content\/uploads\/2023\/08\/emoji-400-par-400-2.gif\" \/>\n<meta name=\"twitter:card\" content=\"summary_large_image\" \/>\n<meta name=\"twitter:label1\" content=\"Dur\u00e9e de lecture estim\u00e9e\" \/>\n\t<meta name=\"twitter:data1\" content=\"3 minutes\" \/>\n<script type=\"application\/ld+json\" class=\"yoast-schema-graph\">{\"@context\":\"https:\\\/\\\/schema.org\",\"@graph\":[{\"@type\":\"WebPage\",\"@id\":\"https:\\\/\\\/www.babyloneimmobilier.fr\\\/index.php\\\/mission\\\/\",\"url\":\"https:\\\/\\\/www.babyloneimmobilier.fr\\\/index.php\\\/mission\\\/\",\"name\":\"Mission - Babylone immobilier\",\"isPartOf\":{\"@id\":\"https:\\\/\\\/www.babyloneimmobilier.fr\\\/#website\"},\"primaryImageOfPage\":{\"@id\":\"https:\\\/\\\/www.babyloneimmobilier.fr\\\/index.php\\\/mission\\\/#primaryimage\"},\"image\":{\"@id\":\"https:\\\/\\\/www.babyloneimmobilier.fr\\\/index.php\\\/mission\\\/#primaryimage\"},\"thumbnailUrl\":\"https:\\\/\\\/www.babyloneimmobilier.fr\\\/wp-content\\\/uploads\\\/2023\\\/08\\\/emoji-400-par-400-2.gif\",\"datePublished\":\"2023-08-24T08:43:07+00:00\",\"dateModified\":\"2023-08-31T13:56:13+00:00\",\"breadcrumb\":{\"@id\":\"https:\\\/\\\/www.babyloneimmobilier.fr\\\/index.php\\\/mission\\\/#breadcrumb\"},\"inLanguage\":\"fr-FR\",\"potentialAction\":[{\"@type\":\"ReadAction\",\"target\":[\"https:\\\/\\\/www.babyloneimmobilier.fr\\\/index.php\\\/mission\\\/\"]}]},{\"@type\":\"ImageObject\",\"inLanguage\":\"fr-FR\",\"@id\":\"https:\\\/\\\/www.babyloneimmobilier.fr\\\/index.php\\\/mission\\\/#primaryimage\",\"url\":\"https:\\\/\\\/www.babyloneimmobilier.fr\\\/wp-content\\\/uploads\\\/2023\\\/08\\\/emoji-400-par-400-2.gif\",\"contentUrl\":\"https:\\\/\\\/www.babyloneimmobilier.fr\\\/wp-content\\\/uploads\\\/2023\\\/08\\\/emoji-400-par-400-2.gif\",\"width\":400,\"height\":400,\"caption\":\"Babylone immobilier emoji anim\u00e9\"},{\"@type\":\"BreadcrumbList\",\"@id\":\"https:\\\/\\\/www.babyloneimmobilier.fr\\\/index.php\\\/mission\\\/#breadcrumb\",\"itemListElement\":[{\"@type\":\"ListItem\",\"position\":1,\"name\":\"Accueil\",\"item\":\"https:\\\/\\\/www.babyloneimmobilier.fr\\\/\"},{\"@type\":\"ListItem\",\"position\":2,\"name\":\"Mission\"}]},{\"@type\":\"WebSite\",\"@id\":\"https:\\\/\\\/www.babyloneimmobilier.fr\\\/#website\",\"url\":\"https:\\\/\\\/www.babyloneimmobilier.fr\\\/\",\"name\":\"Babylone immobilier\",\"description\":\"On coupe la pierre en deux ?\",\"publisher\":{\"@id\":\"https:\\\/\\\/www.babyloneimmobilier.fr\\\/#organization\"},\"potentialAction\":[{\"@type\":\"SearchAction\",\"target\":{\"@type\":\"EntryPoint\",\"urlTemplate\":\"https:\\\/\\\/www.babyloneimmobilier.fr\\\/?s={search_term_string}\"},\"query-input\":{\"@type\":\"PropertyValueSpecification\",\"valueRequired\":true,\"valueName\":\"search_term_string\"}}],\"inLanguage\":\"fr-FR\"},{\"@type\":\"Organization\",\"@id\":\"https:\\\/\\\/www.babyloneimmobilier.fr\\\/#organization\",\"name\":\"Babylone immobilier\",\"url\":\"https:\\\/\\\/www.babyloneimmobilier.fr\\\/\",\"logo\":{\"@type\":\"ImageObject\",\"inLanguage\":\"fr-FR\",\"@id\":\"https:\\\/\\\/www.babyloneimmobilier.fr\\\/#\\\/schema\\\/logo\\\/image\\\/\",\"url\":\"https:\\\/\\\/www.babyloneimmobilier.fr\\\/wp-content\\\/uploads\\\/2023\\\/08\\\/Design-sans-titre-4.png\",\"contentUrl\":\"https:\\\/\\\/www.babyloneimmobilier.fr\\\/wp-content\\\/uploads\\\/2023\\\/08\\\/Design-sans-titre-4.png\",\"width\":1080,\"height\":540,\"caption\":\"Babylone immobilier\"},\"image\":{\"@id\":\"https:\\\/\\\/www.babyloneimmobilier.fr\\\/#\\\/schema\\\/logo\\\/image\\\/\"}}]}<\/script>\n<!-- \/ Yoast SEO plugin. -->","yoast_head_json":{"title":"Mission - Babylone immobilier","robots":{"index":"index","follow":"follow","max-snippet":"max-snippet:-1","max-image-preview":"max-image-preview:large","max-video-preview":"max-video-preview:-1"},"canonical":"https:\/\/www.babyloneimmobilier.fr\/index.php\/mission\/","og_locale":"fr_FR","og_type":"article","og_title":"Mission - Babylone immobilier","og_description":"Notre Mission : Faire Na\u00eetre des Histoires et des Possibilit\u00e9s \u2728 Faire naitre \ud83c\udf7c Faire Na\u00eetre : Notre mission se r\u00e9sume en deux mots puissants. Nous croyons profond\u00e9ment au pouvoir de la cr\u00e9ation, \u00e0 l&rsquo;acte de donner vie \u00e0 des espaces autrefois vides et \u00e0 des id\u00e9es autrefois abstraites. Dans chaque coin de rue qui &hellip; Mission Lire la suite\u00a0\u00bb","og_url":"https:\/\/www.babyloneimmobilier.fr\/index.php\/mission\/","og_site_name":"Babylone immobilier","article_modified_time":"2023-08-31T13:56:13+00:00","og_image":[{"url":"https:\/\/www.babyloneimmobilier.fr\/wp-content\/uploads\/2023\/08\/emoji-400-par-400-2.gif","type":"","width":"","height":""}],"twitter_card":"summary_large_image","twitter_misc":{"Dur\u00e9e de lecture estim\u00e9e":"3 minutes"},"schema":{"@context":"https:\/\/schema.org","@graph":[{"@type":"WebPage","@id":"https:\/\/www.babyloneimmobilier.fr\/index.php\/mission\/","url":"https:\/\/www.babyloneimmobilier.fr\/index.php\/mission\/","name":"Mission - Babylone immobilier","isPartOf":{"@id":"https:\/\/www.babyloneimmobilier.fr\/#website"},"primaryImageOfPage":{"@id":"https:\/\/www.babyloneimmobilier.fr\/index.php\/mission\/#primaryimage"},"image":{"@id":"https:\/\/www.babyloneimmobilier.fr\/index.php\/mission\/#primaryimage"},"thumbnailUrl":"https:\/\/www.babyloneimmobilier.fr\/wp-content\/uploads\/2023\/08\/emoji-400-par-400-2.gif","datePublished":"2023-08-24T08:43:07+00:00","dateModified":"2023-08-31T13:56:13+00:00","breadcrumb":{"@id":"https:\/\/www.babyloneimmobilier.fr\/index.php\/mission\/#breadcrumb"},"inLanguage":"fr-FR","potentialAction":[{"@type":"ReadAction","target":["https:\/\/www.babyloneimmobilier.fr\/index.php\/mission\/"]}]},{"@type":"ImageObject","inLanguage":"fr-FR","@id":"https:\/\/www.babyloneimmobilier.fr\/index.php\/mission\/#primaryimage","url":"https:\/\/www.babyloneimmobilier.fr\/wp-content\/uploads\/2023\/08\/emoji-400-par-400-2.gif","contentUrl":"https:\/\/www.babyloneimmobilier.fr\/wp-content\/uploads\/2023\/08\/emoji-400-par-400-2.gif","width":400,"height":400,"caption":"Babylone immobilier emoji anim\u00e9"},{"@type":"BreadcrumbList","@id":"https:\/\/www.babyloneimmobilier.fr\/index.php\/mission\/#breadcrumb","itemListElement":[{"@type":"ListItem","position":1,"name":"Accueil","item":"https:\/\/www.babyloneimmobilier.fr\/"},{"@type":"ListItem","position":2,"name":"Mission"}]},{"@type":"WebSite","@id":"https:\/\/www.babyloneimmobilier.fr\/#website","url":"https:\/\/www.babyloneimmobilier.fr\/","name":"Babylone immobilier","description":"On coupe la pierre en deux ?","publisher":{"@id":"https:\/\/www.babyloneimmobilier.fr\/#organization"},"potentialAction":[{"@type":"SearchAction","target":{"@type":"EntryPoint","urlTemplate":"https:\/\/www.babyloneimmobilier.fr\/?s={search_term_string}"},"query-input":{"@type":"PropertyValueSpecification","valueRequired":true,"valueName":"search_term_string"}}],"inLanguage":"fr-FR"},{"@type":"Organization","@id":"https:\/\/www.babyloneimmobilier.fr\/#organization","name":"Babylone immobilier","url":"https:\/\/www.babyloneimmobilier.fr\/","logo":{"@type":"ImageObject","inLanguage":"fr-FR","@id":"https:\/\/www.babyloneimmobilier.fr\/#\/schema\/logo\/image\/","url":"https:\/\/www.babyloneimmobilier.fr\/wp-content\/uploads\/2023\/08\/Design-sans-titre-4.png","contentUrl":"https:\/\/www.babyloneimmobilier.fr\/wp-content\/uploads\/2023\/08\/Design-sans-titre-4.png","width":1080,"height":540,"caption":"Babylone immobilier"},"image":{"@id":"https:\/\/www.babyloneimmobilier.fr\/#\/schema\/logo\/image\/"}}]}},"jetpack_sharing_enabled":true,"_links":{"self":[{"href":"https:\/\/www.babyloneimmobilier.fr\/index.php\/wp-json\/wp\/v2\/pages\/22","targetHints":{"allow":["GET"]}}],"collection":[{"href":"https:\/\/www.babyloneimmobilier.fr\/index.php\/wp-json\/wp\/v2\/pages"}],"about":[{"href":"https:\/\/www.babyloneimmobilier.fr\/index.php\/wp-json\/wp\/v2\/types\/page"}],"author":[{"embeddable":true,"href":"https:\/\/www.babyloneimmobilier.fr\/index.php\/wp-json\/wp\/v2\/users\/1"}],"replies":[{"embeddable":true,"href":"https:\/\/www.babyloneimmobilier.fr\/index.php\/wp-json\/wp\/v2\/comments?post=22"}],"version-history":[{"count":39,"href":"https:\/\/www.babyloneimmobilier.fr\/index.php\/wp-json\/wp\/v2\/pages\/22\/revisions"}],"predecessor-version":[{"id":392,"href":"https:\/\/www.babyloneimmobilier.fr\/index.php\/wp-json\/wp\/v2\/pages\/22\/revisions\/392"}],"wp:attachment":[{"href":"https:\/\/www.babyloneimmobilier.fr\/index.php\/wp-json\/wp\/v2\/media?parent=22"}],"curies":[{"name":"wp","href":"https:\/\/api.w.org\/{rel}","templated":true}]}}